{"id":532,"date":"2022-04-29T07:48:49","date_gmt":"2022-04-29T07:48:49","guid":{"rendered":"https:\/\/enwoo-demos.com\/free-demo-8\/?page_id=532"},"modified":"2024-03-29T17:48:31","modified_gmt":"2024-03-29T16:48:31","slug":"release-groupe-strategie-de-communication-sensible-mediatique-dinfluence","status":"publish","type":"page","link":"https:\/\/lyseii.com\/","title":{"rendered":"accueil"},"content":{"rendered":"\t\t<div data-elementor-type=\"wp-page\" data-elementor-id=\"532\" class=\"elementor elementor-532\">\n\t\t\t\t<div class=\"elementor-element elementor-element-191575b e-flex e-con-boxed e-con e-parent\" data-id=\"191575b\" data-element_type=\"container\" data-e-type=\"container\">\n\t\t\t\t\t<div class=\"e-con-inner\">\n\t\t\t\t\t<\/div>\n\t\t\t\t<\/div>\n\t\t\t\t<section class=\"elementor-section elementor-top-section elementor-element elementor-element-5a40d80d elementor-section-height-min-height elementor-section-boxed elementor-section-height-default elementor-section-items-middle\" data-id=\"5a40d80d\" data-element_type=\"section\" data-e-type=\"section\" data-settings=\"{&quot;background_background&quot;:&quot;classic&quot;,&quot;shape_divider_bottom&quot;:&quot;triangle-asymmetrical&quot;,&quot;shape_divider_bottom_negative&quot;:&quot;yes&quot;}\">\n\t\t\t\t\t\t\t<div class=\"elementor-background-overlay\"><\/div>\n\t\t\t\t\t\t<div class=\"elementor-shape elementor-shape-bottom\" aria-hidden=\"true\" data-negative=\"true\">\n\t\t\t<svg xmlns=\"http:\/\/www.w3.org\/2000\/svg\" viewBox=\"0 0 1000 100\" preserveAspectRatio=\"none\">\n\t<path class=\"elementor-shape-fill\" d=\"M737.9,94.7L0,0v100h1000V0L737.9,94.7z\"\/>\n<\/svg>\t\t<\/div>\n\t\t\t\t\t<div class=\"elementor-container elementor-column-gap-default\">\n\t\t\t\t\t<div class=\"elementor-column elementor-col-100 elementor-top-column elementor-element elementor-element-39e05b70\" data-id=\"39e05b70\" data-element_type=\"column\" data-e-type=\"column\" data-settings=\"{&quot;background_background&quot;:&quot;classic&quot;}\">\n\t\t\t<div class=\"elementor-widget-wrap elementor-element-populated\">\n\t\t\t\t\t\t<div class=\"elementor-element elementor-element-178dbf8 elementor-widget elementor-widget-image\" data-id=\"178dbf8\" data-element_type=\"widget\" data-e-type=\"widget\" data-widget_type=\"image.default\">\n\t\t\t\t<div class=\"elementor-widget-container\">\n\t\t\t\t\t\t\t\t\t\t\t\t\t\t\t<img fetchpriority=\"high\" decoding=\"async\" width=\"512\" height=\"512\" src=\"https:\/\/lyseii.com\/wp-content\/uploads\/2024\/03\/cropped-cropped-WhatsApp-Image-2024-02-26-at-13.10.21-1.jpeg\" class=\"attachment-enwoo-img size-enwoo-img wp-image-867\" alt=\"\" srcset=\"https:\/\/lyseii.com\/wp-content\/uploads\/2024\/03\/cropped-cropped-WhatsApp-Image-2024-02-26-at-13.10.21-1.jpeg 512w, https:\/\/lyseii.com\/wp-content\/uploads\/2024\/03\/cropped-cropped-WhatsApp-Image-2024-02-26-at-13.10.21-1-300x300.jpeg 300w, https:\/\/lyseii.com\/wp-content\/uploads\/2024\/03\/cropped-cropped-WhatsApp-Image-2024-02-26-at-13.10.21-1-150x150.jpeg 150w, https:\/\/lyseii.com\/wp-content\/uploads\/2024\/03\/cropped-cropped-WhatsApp-Image-2024-02-26-at-13.10.21-1-100x100.jpeg 100w, https:\/\/lyseii.com\/wp-content\/uploads\/2024\/03\/cropped-cropped-WhatsApp-Image-2024-02-26-at-13.10.21-1-270x270.jpeg 270w, https:\/\/lyseii.com\/wp-content\/uploads\/2024\/03\/cropped-cropped-WhatsApp-Image-2024-02-26-at-13.10.21-1-192x192.jpeg 192w, https:\/\/lyseii.com\/wp-content\/uploads\/2024\/03\/cropped-cropped-WhatsApp-Image-2024-02-26-at-13.10.21-1-180x180.jpeg 180w, https:\/\/lyseii.com\/wp-content\/uploads\/2024\/03\/cropped-cropped-WhatsApp-Image-2024-02-26-at-13.10.21-1-32x32.jpeg 32w\" sizes=\"(max-width: 512px) 100vw, 512px\" \/>\t\t\t\t\t\t\t\t\t\t\t\t\t\t\t<\/div>\n\t\t\t\t<\/div>\n\t\t<div class=\"elementor-element elementor-element-aec4bc0 e-flex e-con-boxed e-con e-parent\" data-id=\"aec4bc0\" data-element_type=\"container\" data-e-type=\"container\">\n\t\t\t\t\t<div class=\"e-con-inner\">\n\t\t\t\t<div class=\"elementor-element elementor-element-5d24caf elementor-widget elementor-widget-heading\" data-id=\"5d24caf\" data-element_type=\"widget\" data-e-type=\"widget\" data-widget_type=\"heading.default\">\n\t\t\t\t<div class=\"elementor-widget-container\">\n\t\t\t\t\t<h2 class=\"elementor-heading-title elementor-size-default\">RELEASE GROUPE \u00c9VOLUE ET DEVIENT LYSEII CONSEILS !\n<\/h2>\t\t\t\t<\/div>\n\t\t\t\t<\/div>\n\t\t\t\t\t<\/div>\n\t\t\t\t<\/div>\n\t\t<div class=\"elementor-element elementor-element-d59bcba e-flex e-con-boxed e-con e-parent\" data-id=\"d59bcba\" data-element_type=\"container\" data-e-type=\"container\">\n\t\t\t\t\t<div class=\"e-con-inner\">\n\t\t\t\t<div class=\"elementor-element elementor-element-be639c8 elementor-widget elementor-widget-text-editor\" data-id=\"be639c8\" data-element_type=\"widget\" data-e-type=\"widget\" data-widget_type=\"text-editor.default\">\n\t\t\t\t<div class=\"elementor-widget-container\">\n\t\t\t\t\t\t\t\t\t<p><br \/><strong>-STRAT\u00c9GIES &amp; COMMUNICATION SENSIBLE ET COMPLEXE-<\/strong><\/p>\t\t\t\t\t\t\t\t<\/div>\n\t\t\t\t<\/div>\n\t\t\t\t\t<\/div>\n\t\t\t\t<\/div>\n\t\t\t\t<div class=\"elementor-element elementor-element-7b1c4d3e elementor-widget__width-initial elementor-invisible elementor-widget elementor-widget-text-editor\" data-id=\"7b1c4d3e\" data-element_type=\"widget\" data-e-type=\"widget\" data-settings=\"{&quot;_animation&quot;:&quot;slideInDown&quot;,&quot;_animation_delay&quot;:100}\" data-widget_type=\"text-editor.default\">\n\t\t\t\t<div class=\"elementor-widget-container\">\n\t\t\t\t\t\t\t\t\t<p>DU GREC <em>\u03bb\u03cd\u03c3\u03b5\u03b9\u03b9<\/em>, NOTRE ACCOMPAGNEMENT CONSISTE \u00c0 TROUVER DES SOLUTIONS, R\u00c9SOUDRE DES SITUATIONS \u00ab\u00a0COMPLEXES\u00a0\u00bb :<\/p><p>POUR QUE LA COMMUNICATION STRAT\u00c9GIQUE \u00c0 METTRE EN PLACE EN SITUATIONS \u00ab SENSIBLES \u00bb NE SOIT PAS ET PLUS JAMAIS CONSID\u00c9R\u00c9E COMME UN OUTIL, MAIS BEL ET BIEN UNE HABITUDE INTELLECTUELLE, TOUT EN \u00c9TANT PRAGMATIQUE ET ORIENT\u00c9E \u00ab OBJECTIFS &amp; R\u00c9SULTATS \u00bb POUR TOUTES LES SITUATIONS COMPLEXES ET \u00c0 ENJEUX, RELEASE GROUPE CHANGE DE NOM ET DEVIENT LYSEII CONSEILS, POUR S\u2019ADAPTER AUX BESOINS GRANDISSANTS DE L\u2019ENSEMBLE DES ACTEURS PRIV\u00c9S, INSTITUTIONNELS, POLITIQUES ET PUBLICS.<\/p><p>LYSEII CONSEILS VOUS ACCOMPAGNE, AU PLUS PROCHE DE VOS PROBL\u00c9MATIQUES, DANS VOS ENVIRONNEMENTS INSTITUTIONNELS, POLITIQUES, \u00c9CONOMIQUES ET M\u00c9DIATIQUES, EN SITUATIONS COMPLEXES ET SENSIBLES.<\/p>\t\t\t\t\t\t\t\t<\/div>\n\t\t\t\t<\/div>\n\t\t\t\t<div class=\"elementor-element elementor-element-7c3e21c elementor-invisible elementor-widget elementor-widget-envo-extra-heading\" data-id=\"7c3e21c\" data-element_type=\"widget\" data-e-type=\"widget\" data-settings=\"{&quot;_animation&quot;:&quot;slideInUp&quot;}\" data-widget_type=\"envo-extra-heading.default\">\n\t\t\t\t<div class=\"elementor-widget-container\">\n\t\t\t\t\t\r\n\t\t<div class=\"envo-extra-heading-wrapper envo-extra-simple-heading-wrapper\">\r\n\t\t\t<h2 class=\"envo-extra-heading-title\">Nouveau Site Bient\u00f4t en ligne. <\/h2>\t\t<\/div>\r\n\t\t\t\t\t\t<\/div>\n\t\t\t\t<\/div>\n\t\t\t\t\t<\/div>\n\t\t<\/div>\n\t\t\t\t\t<\/div>\n\t\t<\/section>\n\t\t<div class=\"elementor-element elementor-element-c4f8dcc e-flex e-con-boxed e-con e-parent\" data-id=\"c4f8dcc\" data-element_type=\"container\" data-e-type=\"container\">\n\t\t\t\t\t<div class=\"e-con-inner\">\n\t\t\t\t<div class=\"elementor-element elementor-element-4ee63f9 elementor-widget elementor-widget-wpforms\" data-id=\"4ee63f9\" data-element_type=\"widget\" data-e-type=\"widget\" data-widget_type=\"wpforms.default\">\n\t\t\t\t<div class=\"elementor-widget-container\">\n\t\t\t\t\t<style id=\"wpforms-css-vars-root\">\n\t\t\t\t:root {\n\t\t\t\t\t--wpforms-field-border-radius: 3px;\n--wpforms-field-background-color: #ffffff;\n--wpforms-field-border-color: rgba( 0, 0, 0, 0.25 );\n--wpforms-field-text-color: rgba( 0, 0, 0, 0.7 );\n--wpforms-label-color: rgba( 0, 0, 0, 0.85 );\n--wpforms-label-sublabel-color: rgba( 0, 0, 0, 0.55 );\n--wpforms-label-error-color: #d63637;\n--wpforms-button-border-radius: 3px;\n--wpforms-button-background-color: #066aab;\n--wpforms-button-text-color: #ffffff;\n--wpforms-page-break-color: #066aab;\n--wpforms-field-size-input-height: 43px;\n--wpforms-field-size-input-spacing: 15px;\n--wpforms-field-size-font-size: 16px;\n--wpforms-field-size-line-height: 19px;\n--wpforms-field-size-padding-h: 14px;\n--wpforms-field-size-checkbox-size: 16px;\n--wpforms-field-size-sublabel-spacing: 5px;\n--wpforms-field-size-icon-size: 1;\n--wpforms-label-size-font-size: 16px;\n--wpforms-label-size-line-height: 19px;\n--wpforms-label-size-sublabel-font-size: 14px;\n--wpforms-label-size-sublabel-line-height: 17px;\n--wpforms-button-size-font-size: 17px;\n--wpforms-button-size-height: 41px;\n--wpforms-button-size-padding-h: 15px;\n--wpforms-button-size-margin-top: 10px;\n\n\t\t\t\t}\n\t\t\t<\/style><style id=\"wpforms-css-vars-elementor-widget-4ee63f9\">\n\t\t\t\t.elementor-widget-wpforms.elementor-element-4ee63f9 {\n\t\t\t\t\t--wpforms-field-size-input-height: 43px;\n--wpforms-field-size-input-spacing: 15px;\n--wpforms-field-size-font-size: 16px;\n--wpforms-field-size-line-height: 19px;\n--wpforms-field-size-padding-h: 14px;\n--wpforms-field-size-checkbox-size: 16px;\n--wpforms-field-size-sublabel-spacing: 5px;\n--wpforms-field-size-icon-size: 1;\n--wpforms-label-size-font-size: 16px;\n--wpforms-label-size-line-height: 19px;\n--wpforms-label-size-sublabel-font-size: 14px;\n--wpforms-label-size-sublabel-line-height: 17px;\n--wpforms-button-size-font-size: 17px;\n--wpforms-button-size-height: 41px;\n--wpforms-button-size-padding-h: 15px;\n--wpforms-button-size-margin-top: 10px;\n\n\t\t\t\t}\n\t\t\t<\/style><div class=\"wpforms-container wpforms-container-full wpforms-render-modern\" id=\"wpforms-905\"><form id=\"wpforms-form-905\" class=\"wpforms-validate wpforms-form wpforms-ajax-form\" data-formid=\"905\" method=\"post\" enctype=\"multipart\/form-data\" action=\"\/index.php\/wp-json\/wp\/v2\/pages\/532\" data-token=\"25d7e5d14d917be4d4491881dd93105e\"><noscript class=\"wpforms-error-noscript\">Veuillez activer JavaScript dans votre navigateur pour remplir ce formulaire.<\/noscript><div class=\"wpforms-hidden\" id=\"wpforms-error-noscript\">Veuillez activer JavaScript dans votre navigateur pour remplir ce formulaire.<\/div><div class=\"wpforms-field-container\"><div id=\"wpforms-905-field_0-container\" class=\"wpforms-field wpforms-field-name\" data-field-id=\"0\"><fieldset><legend class=\"wpforms-field-label\">Nom <span class=\"wpforms-required-label\" aria-hidden=\"true\">*<\/span><\/legend><div class=\"wpforms-field-row wpforms-field-medium\"><div class=\"wpforms-field-row-block wpforms-first wpforms-one-half\"><input type=\"text\" id=\"wpforms-905-field_0\" class=\"wpforms-field-name-first wpforms-field-required\" name=\"wpforms[fields][0][first]\" aria-errormessage=\"wpforms-905-field_0-error\" required><label for=\"wpforms-905-field_0\" class=\"wpforms-field-sublabel after \">Pr\u00e9nom<\/label><\/div><div class=\"wpforms-field-row-block wpforms-one-half\"><input type=\"text\" id=\"wpforms-905-field_0-last\" class=\"wpforms-field-name-last wpforms-field-required\" name=\"wpforms[fields][0][last]\" aria-errormessage=\"wpforms-905-field_0-last-error\" required><label for=\"wpforms-905-field_0-last\" class=\"wpforms-field-sublabel after \">Nom<\/label><\/div><\/div><\/fieldset><\/div><div id=\"wpforms-905-field_1-container\" class=\"wpforms-field wpforms-field-email\" data-field-id=\"1\"><label class=\"wpforms-field-label\" for=\"wpforms-905-field_1\">E-mail <span class=\"wpforms-required-label\" aria-hidden=\"true\">*<\/span><\/label><input type=\"email\" id=\"wpforms-905-field_1\" class=\"wpforms-field-medium wpforms-field-required\" name=\"wpforms[fields][1]\" spellcheck=\"false\" aria-errormessage=\"wpforms-905-field_1-error\" required><\/div><div id=\"wpforms-905-field_2-container\" class=\"wpforms-field wpforms-field-textarea\" data-field-id=\"2\"><label class=\"wpforms-field-label\" for=\"wpforms-905-field_2\">Commentaire ou message<\/label><textarea id=\"wpforms-905-field_2\" class=\"wpforms-field-medium\" name=\"wpforms[fields][2]\" aria-errormessage=\"wpforms-905-field_2-error\" aria-describedby=\"wpforms-905-field_2-description\" ><\/textarea><div id=\"wpforms-905-field_2-description\" class=\"wpforms-field-description\"> T\u00e9l. : +33 1 45 33 15 02 \/ \r\nT\u00e9l. de crise : +33 6 77 21 21 21<\/div><\/div><\/div><!-- .wpforms-field-container --><div class=\"wpforms-submit-container\" ><input type=\"hidden\" name=\"wpforms[id]\" value=\"905\"><input type=\"hidden\" name=\"wpforms[author]\" value=\"1\"><button type=\"submit\" name=\"wpforms[submit]\" id=\"wpforms-submit-905\" class=\"wpforms-submit\" data-alt-text=\"Envoi...\" data-submit-text=\"Envoyer\" aria-live=\"assertive\" value=\"wpforms-submit\">Envoyer<\/button><img decoding=\"async\" src=\"https:\/\/lyseii.com\/wp-content\/plugins\/wpforms-lite\/assets\/images\/submit-spin.svg\" class=\"wpforms-submit-spinner\" style=\"display: none;\" width=\"26\" height=\"26\" alt=\"Chargement en cours\"><\/div><\/form><\/div>  <!-- .wpforms-container -->\t\t\t\t<\/div>\n\t\t\t\t<\/div>\n\t\t\t\t\t<\/div>\n\t\t\t\t<\/div>\n\t\t\t\t<\/div>\n\t\t","protected":false},"excerpt":{"rendered":"<p>RELEASE GROUPE \u00c9VOLUE ET DEVIENT LYSEII CONSEILS ! -STRAT\u00c9GIES &amp; COMMUNICATION SENSIBLE ET COMPLEXE- DU GREC \u03bb\u03cd\u03c3\u03b5\u03b9\u03b9, NOTRE ACCOMPAGNEMENT CONSISTE \u00c0 TROUVER DES SOLUTIONS, R\u00c9SOUDRE DES SITUATIONS \u00ab\u00a0COMPLEXES\u00a0\u00bb : POUR QUE LA COMMUNICATION STRAT\u00c9GIQUE \u00c0 METTRE EN PLACE EN SITUATIONS \u00ab SENSIBLES \u00bb NE SOIT PAS ET PLUS JAMAIS CONSID\u00c9R\u00c9E COMME UN OUTIL, MAIS BEL ET BIEN UNE HABITUDE INTELLECTUELLE, TOUT EN \u00c9TANT PRAGMATIQUE ET ORIENT\u00c9E \u00ab OBJECTIFS &amp; R\u00c9SULTATS \u00bb POUR TOUTES LES SITUATIONS COMPLEXES ET \u00c0 ENJEUX, RELEASE GROUPE CHANGE DE NOM ET DEVIENT LYSEII CONSEILS, POUR S\u2019ADAPTER AUX BESOINS GRANDISSANTS DE L\u2019ENSEMBLE DES ACTEURS PRIV\u00c9S, INSTITUTIONNELS, POLITIQUES ET PUBLICS. LYSEII CONSEILS VOUS ACCOMPAGNE, AU PLUS PROCHE DE VOS PROBL\u00c9MATIQUES, DANS VOS ENVIRONNEMENTS INSTITUTIONNELS, POLITIQUES, \u00c9CONOMIQUES&hellip;<\/p>\n","protected":false},"author":1,"featured_media":0,"parent":0,"menu_order":0,"comment_status":"closed","ping_status":"closed","template":"elementor_canvas","meta":{"footnotes":""},"class_list":["post-532","page","type-page","status-publish","hentry"],"yoast_head":"<!-- This site is optimized with the Yoast SEO plugin v22.3 - https:\/\/yoast.com\/wordpress\/plugins\/seo\/ -->\n<title>accueil - Lyseii<\/title>\n<meta name=\"description\" content=\"#ComDeCrise #ComJudiciaire #ComPol #ComSensible #AffairesPubliques #Lobbying #Communication #ReseauxSociaux #ComCorporate\" \/>\n<meta name=\"robots\" content=\"index, follow, max-snippet:-1, max-image-preview:large, max-video-preview:-1\" \/>\n<link rel=\"canonical\" href=\"https:\/\/lyseii.com\/\" \/>\n<meta property=\"og:locale\" content=\"fr_FR\" \/>\n<meta property=\"og:type\" content=\"article\" \/>\n<meta property=\"og:title\" content=\"accueil - Lyseii\" \/>\n<meta property=\"og:description\" content=\"#ComDeCrise #ComJudiciaire #ComPol #ComSensible #AffairesPubliques #Lobbying #Communication #ReseauxSociaux #ComCorporate\" \/>\n<meta property=\"og:url\" content=\"https:\/\/lyseii.com\/\" \/>\n<meta property=\"og:site_name\" content=\"Lyseii\" \/>\n<meta property=\"article:modified_time\" content=\"2024-03-29T16:48:31+00:00\" \/>\n<meta property=\"og:image\" content=\"https:\/\/lyseii.com\/wp-content\/uploads\/2024\/03\/cropped-cropped-WhatsApp-Image-2024-02-26-at-13.10.21-1.jpeg\" \/>\n<meta name=\"twitter:card\" content=\"summary_large_image\" \/>\n<meta name=\"twitter:label1\" content=\"Dur\u00e9e de lecture estim\u00e9e\" \/>\n\t<meta name=\"twitter:data1\" content=\"2 minutes\" \/>\n<script type=\"application\/ld+json\" class=\"yoast-schema-graph\">{\"@context\":\"https:\/\/schema.org\",\"@graph\":[{\"@type\":\"WebPage\",\"@id\":\"https:\/\/lyseii.com\/\",\"url\":\"https:\/\/lyseii.com\/\",\"name\":\"accueil - Lyseii\",\"isPartOf\":{\"@id\":\"https:\/\/lyseii.com\/#website\"},\"primaryImageOfPage\":{\"@id\":\"https:\/\/lyseii.com\/#primaryimage\"},\"image\":{\"@id\":\"https:\/\/lyseii.com\/#primaryimage\"},\"thumbnailUrl\":\"https:\/\/lyseii.com\/wp-content\/uploads\/2024\/03\/cropped-cropped-WhatsApp-Image-2024-02-26-at-13.10.21-1.jpeg\",\"datePublished\":\"2022-04-29T07:48:49+00:00\",\"dateModified\":\"2024-03-29T16:48:31+00:00\",\"description\":\"#ComDeCrise #ComJudiciaire #ComPol #ComSensible #AffairesPubliques #Lobbying #Communication #ReseauxSociaux #ComCorporate\",\"breadcrumb\":{\"@id\":\"https:\/\/lyseii.com\/#breadcrumb\"},\"inLanguage\":\"fr-FR\",\"potentialAction\":[{\"@type\":\"ReadAction\",\"target\":[\"https:\/\/lyseii.com\/\"]}]},{\"@type\":\"ImageObject\",\"inLanguage\":\"fr-FR\",\"@id\":\"https:\/\/lyseii.com\/#primaryimage\",\"url\":\"https:\/\/lyseii.com\/wp-content\/uploads\/2024\/03\/cropped-cropped-WhatsApp-Image-2024-02-26-at-13.10.21-1.jpeg\",\"contentUrl\":\"https:\/\/lyseii.com\/wp-content\/uploads\/2024\/03\/cropped-cropped-WhatsApp-Image-2024-02-26-at-13.10.21-1.jpeg\",\"width\":512,\"height\":512},{\"@type\":\"BreadcrumbList\",\"@id\":\"https:\/\/lyseii.com\/#breadcrumb\",\"itemListElement\":[{\"@type\":\"ListItem\",\"position\":1,\"name\":\"Accueil\",\"item\":\"https:\/\/lyseii.com\/\"},{\"@type\":\"ListItem\",\"position\":2,\"name\":\"accueil\"}]},{\"@type\":\"WebSite\",\"@id\":\"https:\/\/lyseii.com\/#website\",\"url\":\"https:\/\/lyseii.com\/\",\"name\":\"Lyseii\",\"description\":\"Strat\u00e9gie m\u00e9diatique &amp; d&#039;influence\",\"publisher\":{\"@id\":\"https:\/\/lyseii.com\/#organization\"},\"potentialAction\":[{\"@type\":\"SearchAction\",\"target\":{\"@type\":\"EntryPoint\",\"urlTemplate\":\"https:\/\/lyseii.com\/?s={search_term_string}\"},\"query-input\":\"required name=search_term_string\"}],\"inLanguage\":\"fr-FR\"},{\"@type\":\"Organization\",\"@id\":\"https:\/\/lyseii.com\/#organization\",\"name\":\"Lyseii\",\"url\":\"https:\/\/lyseii.com\/\",\"logo\":{\"@type\":\"ImageObject\",\"inLanguage\":\"fr-FR\",\"@id\":\"https:\/\/lyseii.com\/#\/schema\/logo\/image\/\",\"url\":\"https:\/\/lyseii.com\/wp-content\/uploads\/2024\/03\/PHOTO-2024-03-08-13-16-37.jpg\",\"contentUrl\":\"https:\/\/lyseii.com\/wp-content\/uploads\/2024\/03\/PHOTO-2024-03-08-13-16-37.jpg\",\"width\":500,\"height\":500,\"caption\":\"Lyseii\"},\"image\":{\"@id\":\"https:\/\/lyseii.com\/#\/schema\/logo\/image\/\"}}]}<\/script>\n<!-- \/ Yoast SEO plugin. -->","yoast_head_json":{"title":"accueil - Lyseii","description":"#ComDeCrise #ComJudiciaire #ComPol #ComSensible #AffairesPubliques #Lobbying #Communication #ReseauxSociaux #ComCorporate","robots":{"index":"index","follow":"follow","max-snippet":"max-snippet:-1","max-image-preview":"max-image-preview:large","max-video-preview":"max-video-preview:-1"},"canonical":"https:\/\/lyseii.com\/","og_locale":"fr_FR","og_type":"article","og_title":"accueil - Lyseii","og_description":"#ComDeCrise #ComJudiciaire #ComPol #ComSensible #AffairesPubliques #Lobbying #Communication #ReseauxSociaux #ComCorporate","og_url":"https:\/\/lyseii.com\/","og_site_name":"Lyseii","article_modified_time":"2024-03-29T16:48:31+00:00","og_image":[{"url":"https:\/\/lyseii.com\/wp-content\/uploads\/2024\/03\/cropped-cropped-WhatsApp-Image-2024-02-26-at-13.10.21-1.jpeg"}],"twitter_card":"summary_large_image","twitter_misc":{"Dur\u00e9e de lecture estim\u00e9e":"2 minutes"},"schema":{"@context":"https:\/\/schema.org","@graph":[{"@type":"WebPage","@id":"https:\/\/lyseii.com\/","url":"https:\/\/lyseii.com\/","name":"accueil - Lyseii","isPartOf":{"@id":"https:\/\/lyseii.com\/#website"},"primaryImageOfPage":{"@id":"https:\/\/lyseii.com\/#primaryimage"},"image":{"@id":"https:\/\/lyseii.com\/#primaryimage"},"thumbnailUrl":"https:\/\/lyseii.com\/wp-content\/uploads\/2024\/03\/cropped-cropped-WhatsApp-Image-2024-02-26-at-13.10.21-1.jpeg","datePublished":"2022-04-29T07:48:49+00:00","dateModified":"2024-03-29T16:48:31+00:00","description":"#ComDeCrise #ComJudiciaire #ComPol #ComSensible #AffairesPubliques #Lobbying #Communication #ReseauxSociaux #ComCorporate","breadcrumb":{"@id":"https:\/\/lyseii.com\/#breadcrumb"},"inLanguage":"fr-FR","potentialAction":[{"@type":"ReadAction","target":["https:\/\/lyseii.com\/"]}]},{"@type":"ImageObject","inLanguage":"fr-FR","@id":"https:\/\/lyseii.com\/#primaryimage","url":"https:\/\/lyseii.com\/wp-content\/uploads\/2024\/03\/cropped-cropped-WhatsApp-Image-2024-02-26-at-13.10.21-1.jpeg","contentUrl":"https:\/\/lyseii.com\/wp-content\/uploads\/2024\/03\/cropped-cropped-WhatsApp-Image-2024-02-26-at-13.10.21-1.jpeg","width":512,"height":512},{"@type":"BreadcrumbList","@id":"https:\/\/lyseii.com\/#breadcrumb","itemListElement":[{"@type":"ListItem","position":1,"name":"Accueil","item":"https:\/\/lyseii.com\/"},{"@type":"ListItem","position":2,"name":"accueil"}]},{"@type":"WebSite","@id":"https:\/\/lyseii.com\/#website","url":"https:\/\/lyseii.com\/","name":"Lyseii","description":"Strat\u00e9gie m\u00e9diatique &amp; d&#039;influence","publisher":{"@id":"https:\/\/lyseii.com\/#organization"},"potentialAction":[{"@type":"SearchAction","target":{"@type":"EntryPoint","urlTemplate":"https:\/\/lyseii.com\/?s={search_term_string}"},"query-input":"required name=search_term_string"}],"inLanguage":"fr-FR"},{"@type":"Organization","@id":"https:\/\/lyseii.com\/#organization","name":"Lyseii","url":"https:\/\/lyseii.com\/","logo":{"@type":"ImageObject","inLanguage":"fr-FR","@id":"https:\/\/lyseii.com\/#\/schema\/logo\/image\/","url":"https:\/\/lyseii.com\/wp-content\/uploads\/2024\/03\/PHOTO-2024-03-08-13-16-37.jpg","contentUrl":"https:\/\/lyseii.com\/wp-content\/uploads\/2024\/03\/PHOTO-2024-03-08-13-16-37.jpg","width":500,"height":500,"caption":"Lyseii"},"image":{"@id":"https:\/\/lyseii.com\/#\/schema\/logo\/image\/"}}]}},"_links":{"self":[{"href":"https:\/\/lyseii.com\/index.php\/wp-json\/wp\/v2\/pages\/532","targetHints":{"allow":["GET"]}}],"collection":[{"href":"https:\/\/lyseii.com\/index.php\/wp-json\/wp\/v2\/pages"}],"about":[{"href":"https:\/\/lyseii.com\/index.php\/wp-json\/wp\/v2\/types\/page"}],"author":[{"embeddable":true,"href":"https:\/\/lyseii.com\/index.php\/wp-json\/wp\/v2\/users\/1"}],"replies":[{"embeddable":true,"href":"https:\/\/lyseii.com\/index.php\/wp-json\/wp\/v2\/comments?post=532"}],"version-history":[{"count":162,"href":"https:\/\/lyseii.com\/index.php\/wp-json\/wp\/v2\/pages\/532\/revisions"}],"predecessor-version":[{"id":956,"href":"https:\/\/lyseii.com\/index.php\/wp-json\/wp\/v2\/pages\/532\/revisions\/956"}],"wp:attachment":[{"href":"https:\/\/lyseii.com\/index.php\/wp-json\/wp\/v2\/media?parent=532"}],"curies":[{"name":"wp","href":"https:\/\/api.w.org\/{rel}","templated":true}]}}